{"id":165,"date":"2023-05-26T18:26:23","date_gmt":"2023-05-26T18:26:23","guid":{"rendered":"https:\/\/kalifi.ca\/?page_id=165"},"modified":"2023-05-29T12:51:55","modified_gmt":"2023-05-29T12:51:55","slug":"acces-a-linformation","status":"publish","type":"page","link":"https:\/\/kalifi.ca\/en\/acces-a-linformation\/","title":{"rendered":"Access to information"},"content":{"rendered":"<p class=\"has-text-align-left\">LCG Solution, like any other public body, is subject to the Act respecting access to documents held by public bodies and the protection of personal information. With this Act, the legislator wanted to give citizens the right to consult documents kept by public bodies.\nMore information on the Public Bodies Access to Documents and Privacy Act can be found on the Commission d\u2019acc\u00e8s \u00e0 l\u2019information.<\/p>\n\n\n\n<p class=\"has-text-align-left\">More information on the Public Bodies Access to Documents and Privacy Act can be found on the&nbsp;<a href=\"http:\/\/www.cai.gouv.qc.ca\/\" target=\"_blank\" rel=\"noreferrer noopener\">Commission d\u2019acc\u00e8s \u00e0 l\u2019information<\/a>.<\/p>\n\n\n\n<h2 class=\"wp-block-heading has-text-align-left has-medium-font-size\">ACCESS REQUEST<\/h2>\n\n\n\n<p class=\"has-text-align-left\">To apply under the Act, you may complete and submit the form electronically by describing the information requested and providing all relevant information to assist the Secretariat in its research.<\/p>\n\n\n\n<p class=\"has-text-align-left\"><em>Your request can also be mailed to the following address:<\/em><\/p>\n\n\n\n<p class=\"has-text-align-left\">LCG Solution<br>10347, avenue de l\u2019esplanade<br>Montr\u00e9al (Qu\u00e9bec)<br>Or by email at <a href=\"mailto:info@lcgsolution.com\" data-type=\"mailto\" data-id=\"mailto:info@lcgsolution.com\">info@lcgsolution.com<\/a><\/p>\n\n\n\n<div class=\"wp-block-group is-vertical is-content-justification-left is-layout-flex wp-container-1\">\n<h2 class=\"wp-block-heading has-text-align-left has-medium-font-size\">DELAY<\/h2>\n\n\n\n<p class=\"has-text-align-left\">Under section 98 of the act, the person responsible for access to information has up to 20 calendar days from the date of receipt to respond. However, this period may be extended by 10 days, if necessary.<\/p>\n<\/div>\n\n\n\n<div class=\"wp-block-group is-vertical is-content-justification-left is-layout-flex wp-container-2\">\n<h2 class=\"wp-block-heading has-medium-font-size\">REPRODUCTION COSTS<\/h2>\n\n\n\n<p class=\"has-text-align-left\">The fees are determined by the government\u2019s regulation on the fees payable for the transcription, reproduction and transmission of documents and personal information, which is available on the Commission d'acc\u00e8s \u00e0 l'information du Qu\u00e9bec website.<\/p>\n<\/div>\n\n\n\n<div class=\"wp-block-group is-vertical is-content-justification-left is-layout-flex wp-container-3\">\n<h2 class=\"wp-block-heading has-medium-font-size\">RECOURSE FOLLOWING A REFUSAL<\/h2>\n\n\n\n<p class=\"has-text-align-left\">Section 135 of the Act provides that a person whose request has been refused in whole or in part by the person responsible for access to information may ask the Access to Information Commission to review that decision. The request for review must be in writing; it may briefly set out the reasons why the decision should be reviewed. (Rule 137)<\/p>\n<\/div>\n\n\n\n<h2 class=\"wp-block-heading has-medium-font-size\">ACCESS TO INFORMATION REQUEST FORM<\/h2>\n\n\n\n<div class=\"wp-block-group has-global-padding is-layout-constrained\">\n<div class=\"frm_forms  with_frm_style frm_style_formidable-style\" id=\"frm_form_3_container\" data-token=\"bf8488c45379b77ff4a3b2b4c26189a2\">\n<form enctype=\"multipart\/form-data\" method=\"post\" class=\"frm-show-form\" id=\"form_infosurdoc\"  data-token=\"bf8488c45379b77ff4a3b2b4c26189a2\" action=\"\">\n<div class=\"frm_form_fields\">\n<fieldset>\n<legend class=\"frm_screen_reader\">Info sur Doc<\/legend>\n\n<div class=\"frm_fields_container\">\n<input type=\"hidden\" name=\"frm_action\" value=\"create\" \/>\n<input type=\"hidden\" name=\"form_id\" value=\"3\" \/>\n<input type=\"hidden\" name=\"frm_hide_fields_3\" id=\"frm_hide_fields_3\" value=\"\" \/>\n<input type=\"hidden\" name=\"form_key\" value=\"infosurdoc\" \/>\n<input type=\"hidden\" name=\"item_meta[0]\" value=\"\" \/>\n<input type=\"hidden\" id=\"frm_submit_entry_3\" name=\"frm_submit_entry_3\" value=\"daac09b5d9\" \/><input type=\"hidden\" name=\"_wp_http_referer\" value=\"\/en\/wp-json\/wp\/v2\/pages\/165\" \/><div id=\"frm_field_9_container\" class=\"frm_form_field form-field  frm_required_field frm_top_container frm12 frm_first\">\n    <label for=\"field_s9etl\" id=\"field_s9etl_label\" class=\"frm_primary_label\">Document title\n        <span class=\"frm_required\" aria-hidden=\"true\">*<\/span>\n    <\/label>\n    <input type=\"text\" id=\"field_s9etl\" name=\"item_meta[9]\" value=\"\"  data-reqmsg=\"This field cannot be blank.\" aria-required=\"true\" data-invmsg=\"Text is invalid\" aria-invalid=\"false\"  \/>\n    \n    \n<\/div>\n<div id=\"frm_field_10_container\" class=\"frm_form_field form-field  frm_top_container frm12 frm_first\">\n    <label for=\"field_f9sjt\" id=\"field_f9sjt_label\" class=\"frm_primary_label\">Document clarifications\n        <span class=\"frm_required\" aria-hidden=\"true\"><\/span>\n    <\/label>\n    <textarea name=\"item_meta[10]\" id=\"field_f9sjt\" rows=\"5\"  data-invmsg=\"Pr\u00e9cisions sur le document is invalid\" aria-invalid=\"false\"  ><\/textarea>\n    \n    \n<\/div>\n<div id=\"frm_field_12_container\" class=\"frm_form_field form-field  frm_required_field frm_top_container frm6 frm6 frm_half frm_first\">\n    <label for=\"field_5o165\" id=\"field_5o165_label\" class=\"frm_primary_label\">First Name\n        <span class=\"frm_required\" aria-hidden=\"true\">*<\/span>\n    <\/label>\n    <input type=\"text\" id=\"field_5o165\" name=\"item_meta[12]\" value=\"\"  data-reqmsg=\"This field cannot be blank.\" aria-required=\"true\" data-invmsg=\"Text is invalid\" aria-invalid=\"false\"  \/>\n    \n    \n<\/div>\n<div id=\"frm_field_13_container\" class=\"frm_form_field form-field  frm_required_field frm_top_container frm6\">\n    <label for=\"field_o9hdt\" id=\"field_o9hdt_label\" class=\"frm_primary_label\">Last Name\n        <span class=\"frm_required\" aria-hidden=\"true\">*<\/span>\n    <\/label>\n    <input type=\"text\" id=\"field_o9hdt\" name=\"item_meta[13]\" value=\"\"  data-reqmsg=\"This field cannot be blank.\" aria-required=\"true\" data-invmsg=\"Text is invalid\" aria-invalid=\"false\"  \/>\n    \n    \n<\/div>\n<div id=\"frm_field_23_container\" class=\"frm_form_field form-field  frm_required_field frm_top_container frm6 frm_first\">\n    <label for=\"field_fzl4m\" id=\"field_fzl4m_label\" class=\"frm_primary_label\">Email\n        <span class=\"frm_required\" aria-hidden=\"true\">*<\/span>\n    <\/label>\n    <input type=\"email\" id=\"field_fzl4m\" name=\"item_meta[23]\" value=\"\"  data-reqmsg=\"This field cannot be blank.\" aria-required=\"true\" data-invmsg=\"Email is invalid\" aria-invalid=\"false\"  \/>\n    \n    \n<\/div>\n<div id=\"frm_field_15_container\" class=\"frm_form_field form-field  frm_required_field frm_top_container frm6\">\n    <label for=\"field_rt3p8\" id=\"field_rt3p8_label\" class=\"frm_primary_label\">Address\n        <span class=\"frm_required\" aria-hidden=\"true\">*<\/span>\n    <\/label>\n    <input type=\"text\" id=\"field_rt3p8\" name=\"item_meta[15]\" value=\"\"  data-reqmsg=\"This field cannot be blank.\" aria-required=\"true\" data-invmsg=\"Text is invalid\" aria-invalid=\"false\"  \/>\n    \n    \n<\/div>\n<div id=\"frm_field_16_container\" class=\"frm_form_field form-field  frm_required_field frm_top_container frm4 frm_first\">\n    <label for=\"field_ewf6p\" id=\"field_ewf6p_label\" class=\"frm_primary_label\">City\n        <span class=\"frm_required\" aria-hidden=\"true\">*<\/span>\n    <\/label>\n    <input type=\"text\" id=\"field_ewf6p\" name=\"item_meta[16]\" value=\"\"  data-reqmsg=\"This field cannot be blank.\" aria-required=\"true\" data-invmsg=\"Text is invalid\" aria-invalid=\"false\"  \/>\n    \n    \n<\/div>\n<div id=\"frm_field_17_container\" class=\"frm_form_field form-field  frm_required_field frm_top_container frm4 frm6\">\n    <label for=\"field_voxqr\" id=\"field_voxqr_label\" class=\"frm_primary_label\">Postal Code\n        <span class=\"frm_required\" aria-hidden=\"true\">*<\/span>\n    <\/label>\n    <input type=\"text\" id=\"field_voxqr\" name=\"item_meta[17]\" value=\"\"  data-reqmsg=\"This field cannot be blank.\" aria-required=\"true\" data-invmsg=\"Text is invalid\" aria-invalid=\"false\"  \/>\n    \n    \n<\/div>\n<div id=\"frm_field_22_container\" class=\"frm_form_field form-field  frm_required_field frm_top_container frm4\">\n    <label for=\"field_t3qz\" id=\"field_t3qz_label\" class=\"frm_primary_label\">Phone Number\n        <span class=\"frm_required\" aria-hidden=\"true\">*<\/span>\n    <\/label>\n    <input type=\"tel\" id=\"field_t3qz\" name=\"item_meta[22]\" value=\"\"  data-reqmsg=\"This field cannot be blank.\" aria-required=\"true\" data-invmsg=\"Phone is invalid\" aria-invalid=\"false\" pattern=\"((\\+\\d{1,3}(-|.| )?\\(?\\d\\)?(-| |.)?\\d{1,5})|(\\(?\\d{2,6}\\)?))(-|.| )?(\\d{3,4})(-|.| )?(\\d{4})(( x| ext)\\d{1,5}){0,1}$\"  \/>\n    \n    \n<\/div>\n<div id=\"frm_field_19_container\" class=\"frm_form_field form-field  frm_none_container\">\n    <label for=\"g-recaptcha-response\" id=\"field_5to7o_label\" class=\"frm_primary_label\">Captcha\n        <span class=\"frm_required\" aria-hidden=\"true\"><\/span>\n    <\/label>\n    <div id=\"field_5to7o\" class=\"frm-g-recaptcha\" data-sitekey=\"6LdYJUImAAAAAK33L3ztQmc-4sKW8Po9FOVyugu7\" data-size=\"normal\" data-theme=\"light\"><\/div>\n    \n    \n<\/div>\n\t<input type=\"hidden\" name=\"item_key\" value=\"\" \/>\n\t\t\t\t<div class=\"frm__65cf44512ccc8\">\n\t\t\t\t<label for=\"frm_email_3\" >\n\t\t\t\t\tIf you are human, leave this field blank.\t\t\t\t<\/label>\n\t\t\t\t<input  id=\"frm_email_3\" type=\"text\" class=\"frm_verify\" name=\"frm__65cf44512ccc8\" value=\"\" autocomplete=\"false\"  \/>\n\t\t\t<\/div>\n\t\t<div class=\"frm_submit\">\n\n<button class=\"frm_button_submit\" type=\"submit\"  >Submit<\/button>\n\n\n<\/div><\/div>\n<\/fieldset>\n<\/div>\n<input type=\"hidden\" name=\"trp-form-language\" value=\"en\"\/><\/form>\n<\/div>\n\n\n\n\n<div class=\"wp-block-group is-nowrap is-layout-flex wp-container-4\">\n<div class=\"container\">\n  <a href=\"\/en\/kalifi.ca\/nous-joindre\/\">\n    <img decoding=\"async\" src=\"https:\/\/kalifi.ca\/wp-content\/uploads\/2023\/05\/icons8-fleche-pointant-vers-la-gauche-30-1.png\">\n  <\/a>\n  <p class=\"smaller-text\">Contact us<\/p>\n<\/div>\n\n<style>\n.container p {\n  font-size: 14px;\n  margin: 0;\n}\n\n<\/style>\n<\/div>\n<\/div>","protected":false},"excerpt":{"rendered":"<p>LCG Solution, comme tout organisme public d\u2019ailleurs, est assujettie \u00e0 la Loi sur l\u2019acc\u00e8s aux documents des organismes publics et sur la protection des renseignements personnels. Le l\u00e9gislateur a voulu par cette Loi donner aux citoyens le droit de consulter les documents conserv\u00e9s par les organismes publics. On peut trouver de plus amples renseignements sur [&hellip;]<\/p>","protected":false},"author":1,"featured_media":0,"parent":0,"menu_order":0,"comment_status":"closed","ping_status":"closed","template":"","meta":[],"_links":{"self":[{"href":"https:\/\/kalifi.ca\/en\/wp-json\/wp\/v2\/pages\/165"}],"collection":[{"href":"https:\/\/kalifi.ca\/en\/wp-json\/wp\/v2\/pages"}],"about":[{"href":"https:\/\/kalifi.ca\/en\/wp-json\/wp\/v2\/types\/page"}],"author":[{"embeddable":true,"href":"https:\/\/kalifi.ca\/en\/wp-json\/wp\/v2\/users\/1"}],"replies":[{"embeddable":true,"href":"https:\/\/kalifi.ca\/en\/wp-json\/wp\/v2\/comments?post=165"}],"version-history":[{"count":18,"href":"https:\/\/kalifi.ca\/en\/wp-json\/wp\/v2\/pages\/165\/revisions"}],"predecessor-version":[{"id":304,"href":"https:\/\/kalifi.ca\/en\/wp-json\/wp\/v2\/pages\/165\/revisions\/304"}],"wp:attachment":[{"href":"https:\/\/kalifi.ca\/en\/wp-json\/wp\/v2\/media?parent=165"}],"curies":[{"name":"wp","href":"https:\/\/api.w.org\/{rel}","templated":true}]}}