{"id":112,"date":"2023-05-26T17:09:33","date_gmt":"2023-05-26T17:09:33","guid":{"rendered":"https:\/\/kalifi.ca\/?page_id=112"},"modified":"2024-02-16T11:19:26","modified_gmt":"2024-02-16T11:19:26","slug":"a-propos-de-kalifi","status":"publish","type":"page","link":"https:\/\/kalifi.ca\/en\/a-propos-de-kalifi\/","title":{"rendered":"About Kalifi"},"content":{"rendered":"<p>Cr\u00e9ez facilement des \u00e9valuations plus intelligentes avec Kalifi.<\/p>\n\n\n\n<p>D\u00e9couvrez Kalifi, votre nouveau service pour cr\u00e9er facilement des \u00e9valuations plus intelligentes! Kalifi est un service web r\u00e9volutionnaire qui vous permet de cr\u00e9er facilement des \u00e9valuations plus intelligentes.<\/p>\n\n\n\n<p>Our web service offers a user-friendly platform for developing a hierarchical structure around a specific topic. It enables you to easily build a customised assessment that aligns with your objectives. By using Kalifi, you can be confident that your assessments are comprehensive and reflective of what your students or job candidates are expected to know and understand.<\/p>\n\n\n\n<p>Kalifi peut porter vos \u00e9valuations \u00e0 un niveau sup\u00e9rieur. Alors pourquoi se contenter de m\u00e9thodes d\u2019\u00e9valuation d\u00e9pass\u00e9es? Essayez Kalifi aujourd\u2019hui et voyez la diff\u00e9rence que cela peut faire.<\/p>","protected":false},"excerpt":{"rendered":"<p>Cr\u00e9ez facilement des \u00e9valuations plus intelligentes avec Kalifi. D\u00e9couvrez Kalifi, votre nouveau service pour cr\u00e9er facilement des \u00e9valuations plus intelligentes! Kalifi est un service web r\u00e9volutionnaire qui vous permet de cr\u00e9er facilement des \u00e9valuations plus intelligentes. Notre service Web offre une plate-forme conviviale pour d\u00e9velopper une structure hi\u00e9rarchique autour d\u2019un sujet sp\u00e9cifique. Elle vous permet [&hellip;]<\/p>","protected":false},"author":1,"featured_media":0,"parent":0,"menu_order":0,"comment_status":"closed","ping_status":"closed","template":"","meta":[],"_links":{"self":[{"href":"https:\/\/kalifi.ca\/en\/wp-json\/wp\/v2\/pages\/112"}],"collection":[{"href":"https:\/\/kalifi.ca\/en\/wp-json\/wp\/v2\/pages"}],"about":[{"href":"https:\/\/kalifi.ca\/en\/wp-json\/wp\/v2\/types\/page"}],"author":[{"embeddable":true,"href":"https:\/\/kalifi.ca\/en\/wp-json\/wp\/v2\/users\/1"}],"replies":[{"embeddable":true,"href":"https:\/\/kalifi.ca\/en\/wp-json\/wp\/v2\/comments?post=112"}],"version-history":[{"count":16,"href":"https:\/\/kalifi.ca\/en\/wp-json\/wp\/v2\/pages\/112\/revisions"}],"predecessor-version":[{"id":320,"href":"https:\/\/kalifi.ca\/en\/wp-json\/wp\/v2\/pages\/112\/revisions\/320"}],"wp:attachment":[{"href":"https:\/\/kalifi.ca\/en\/wp-json\/wp\/v2\/media?parent=112"}],"curies":[{"name":"wp","href":"https:\/\/api.w.org\/{rel}","templated":true}]}}